{"id":116,"date":"2026-03-30T19:02:03","date_gmt":"2026-03-30T19:02:03","guid":{"rendered":"https:\/\/acaisunsetfranquia.com.br\/landingpage\/?page_id=116"},"modified":"2026-03-30T19:34:25","modified_gmt":"2026-03-30T19:34:25","slug":"lojas","status":"publish","type":"page","link":"https:\/\/acaisunsetfranquia.com.br\/landingpage\/lojas\/","title":{"rendered":"Lojas"},"content":{"rendered":"\t\t<div data-elementor-type=\"wp-page\" data-elementor-id=\"116\" class=\"elementor elementor-116\" data-elementor-post-type=\"page\">\n\t\t\t\t<div class=\"elementor-element elementor-element-926f2f7 e-flex e-con-boxed e-con e-parent\" data-id=\"926f2f7\" data-element_type=\"container\" data-e-type=\"container\">\n\t\t\t\t\t<div class=\"e-con-inner\">\n\t\t\t\t<div class=\"elementor-element elementor-element-ff0f045 elementor-widget elementor-widget-heading\" data-id=\"ff0f045\" data-element_type=\"widget\" data-e-type=\"widget\" data-widget_type=\"heading.default\">\n\t\t\t\t\t<h3 class=\"elementor-heading-title elementor-size-default\">Onde Tem A\u00e7a\u00ed Sunset?<\/h3>\t\t\t\t<\/div>\n\t\t\t\t<div class=\"elementor-element elementor-element-7cc983e elementor-widget elementor-widget-heading\" data-id=\"7cc983e\" data-element_type=\"widget\" data-e-type=\"widget\" data-widget_type=\"heading.default\">\n\t\t\t\t\t<h5 class=\"elementor-heading-title elementor-size-default\">Explore nosso card\u00e1pio e escolha sua pr\u00f3xima combina\u00e7\u00e3o!<\/h5>\t\t\t\t<\/div>\n\t\t\t\t\t<\/div>\n\t\t\t\t<\/div>\n\t\t<div class=\"elementor-element elementor-element-6ba2f69 e-con-full e-flex e-con e-parent\" data-id=\"6ba2f69\" data-element_type=\"container\" data-e-type=\"container\">\n\t\t\t\t<div class=\"elementor-element elementor-element-e173075 elementor-widget elementor-widget-shortcode\" data-id=\"e173075\" data-element_type=\"widget\" data-e-type=\"widget\" data-widget_type=\"shortcode.default\">\n\t\t\t\t\t\t\t<div class=\"elementor-shortcode\"><?php\n\/\/ Adicione este c\u00f3digo no functions.php do seu tema WordPress\n\nfunction store_locator_shortcode() {\n    ob_start();\n    ?>\n    <style>\n        .store-locator-container {\n            max-width: 1200px;\n            margin: 0 auto;\n            padding: 20px;\n            font-family: Arial, sans-serif;\n        }\n        \n        .search-container {\n            margin-bottom: 40px;\n        }\n        \n        .search-input {\n            width: 100%;\n            padding: 15px 20px;\n            font-size: 16px;\n            border: 2px solid #ddd;\n            border-radius: 8px;\n            outline: none;\n            transition: all 0.3s ease;\n            box-shadow: 0 2px 8px rgba(0,0,0,0.1);\n        }\n        \n        .search-input:focus {\n            border-color: #666;\n            box-shadow: 0 4px 15px rgba(0,0,0,0.15);\n        }\n        \n        .stores-grid {\n            display: grid;\n            grid-template-columns: repeat(auto-fit, minmax(350px, 1fr));\n            gap: 25px;\n            margin-top: 30px;\n        }\n        \n        @media (min-width: 1024px) {\n            .stores-grid {\n                grid-template-columns: repeat(3, 1fr);\n            }\n        }\n        \n        .store-card {\n            background: #fff;\n            border: 1px solid #e0e0e0;\n            border-radius: 12px;\n            padding: 25px;\n            color: #333;\n            box-shadow: 0 4px 15px rgba(0,0,0,0.1);\n            transition: all 0.3s cubic-bezier(0.25, 0.8, 0.25, 1);\n            position: relative;\n            overflow: hidden;\n            min-height: 200px;\n        }\n        \n        .store-card::before {\n            display: none;\n        }\n        \n        .store-card:hover {\n            transform: translateY(-5px);\n            box-shadow: 0 8px 25px rgba(0,0,0,0.15);\n            border-color: #ccc;\n        }\n        \n        .store-card.coming-soon {\n            background: #f8f8f8;\n            border: 1px solid #ddd;\n            color: #666;\n        }\n        \n        .store-name {\n            font-size: 20px;\n            font-weight: bold;\n            margin-bottom: 15px;\n            display: flex;\n            align-items: center;\n            gap: 10px;\n        }\n        \n        .coming-soon-badge {\n            background: #666;\n            color: white;\n            padding: 4px 12px;\n            border-radius: 12px;\n            font-size: 12px;\n            font-weight: bold;\n            text-transform: uppercase;\n            letter-spacing: 0.5px;\n        }\n        \n        .store-address {\n            display: flex;\n            align-items: flex-start;\n            gap: 8px;\n            margin-bottom: 15px;\n            line-height: 1.6;\n        }\n        \n        .store-hours {\n            display: flex;\n            align-items: flex-start;\n            gap: 8px;\n            font-size: 14px;\n            color: #666;\n            line-height: 1.5;\n        }\n        \n        .icon {\n            font-size: 16px;\n            flex-shrink: 0;\n            margin-top: 2px;\n        }\n        \n        .no-results {\n            text-align: center;\n            padding: 60px 20px;\n            color: #666;\n            font-size: 18px;\n            display: none;\n        }\n        \n        .no-results.show {\n            display: block;\n        }\n        \n        .store-card.hidden {\n            display: none;\n        }\n        \n        @media (max-width: 768px) {\n            .stores-grid {\n                grid-template-columns: 1fr;\n                gap: 20px;\n            }\n            \n            .store-card {\n                padding: 20px;\n            }\n            \n            .search-input {\n                padding: 12px 16px;\n                font-size: 14px;\n            }\n        }\n    <\/style>\n    \n    <div class=\"store-locator-container\">\n        <div class=\"search-container\">\n            <input \n                type=\"text\" \n                class=\"search-input\" \n                placeholder=\"\ud83d\udd0d Pesquise por nome da loja ou localiza\u00e7\u00e3o...\"\n                id=\"storeSearch\"\n            >\n        <\/div>\n        \n        <div class=\"stores-grid\" id=\"storesGrid\">\n            <!-- Lojas Ativas -->\n            <div class=\"store-card\" data-name=\"cohajap\" data-location=\"daniel de la touche cohajap\">\n                <div class=\"store-name\">\n                    \ud83d\udccd COHAJAP\n                <\/div>\n                <div class=\"store-address\">\n                    <span class=\"icon\">\ud83c\udfe2<\/span>\n                    <span>Av. Daniel de La Touche, 45 - Loja B<br>Cohajap - S\u00e3o Lu\u00eds<br>CEP: 65.074-115<\/span>\n                <\/div>\n                <div class=\"store-hours\">\n                    <span class=\"icon\">\ud83d\udd52<\/span>\n                    <span>Dom a Qui 11h \u00e0s 22h<br>Sex e S\u00e1b 11h \u00e0s 23h<\/span>\n                <\/div>\n            <\/div>\n            \n            <div class=\"store-card\" data-name=\"cohatrac\" data-location=\"cohatrac rua 57\">\n                <div class=\"store-name\">\n                    \ud83d\udccd COHATRAC\n                <\/div>\n                <div class=\"store-address\">\n                    <span class=\"icon\">\ud83c\udfe2<\/span>\n                    <span>Rua N\u00b0. 57 B - Cohatrac<br>S\u00e3o Lu\u00eds<br>CEP: 65.052-865<\/span>\n                <\/div>\n                <div class=\"store-hours\">\n                    <span class=\"icon\">\ud83d\udd52<\/span>\n                    <span>Todos os dias 12h \u00e0s 23h<\/span>\n                <\/div>\n            <\/div>\n            \n            <div class=\"store-card\" data-name=\"ponta d'areia\" data-location=\"holandeses ponta areia\">\n                <div class=\"store-name\">\n                    \ud83d\udccd PONTA D'AREIA\n                <\/div>\n                <div class=\"store-address\">\n                    <span class=\"icon\">\ud83c\udfe2<\/span>\n                    <span>Av. dos Holandeses, 201 Loja 03<br>Ponta D'areia<br>CEP: 65.075-650<\/span>\n                <\/div>\n                <div class=\"store-hours\">\n                    <span class=\"icon\">\ud83d\udd52<\/span>\n                    <span>Dom a Qui 11h \u00e0s 22h<br>Sex e S\u00e1b 11h \u00e0s 23h<\/span>\n                <\/div>\n            <\/div>\n            \n            <div class=\"store-card\" data-name=\"tropical shopping\" data-location=\"tropical shopping renascenca colares moreira\">\n                <div class=\"store-name\">\n                    \ud83d\udccd TROPICAL SHOPPING\n                <\/div>\n                <div class=\"store-address\">\n                    <span class=\"icon\">\ud83c\udfe2<\/span>\n                    <span>Av. Cel Colares Moreira, 400<br>Quiosque 07 - Tropical Shopping<br>Renascen\u00e7a - S\u00e3o Lu\u00eds<br>CEP: 65.075-441<\/span>\n                <\/div>\n                <div class=\"store-hours\">\n                    <span class=\"icon\">\ud83d\udd52<\/span>\n                    <span>Todos os dias 09h \u00e0s 21h<\/span>\n                <\/div>\n            <\/div>\n            \n            <div class=\"store-card\" data-name=\"s\u00e3o lu\u00eds shopping quiosque\" data-location=\"sao luis shopping jaracaty carlos cunha quiosque\">\n                <div class=\"store-name\">\n                    \ud83d\udccd S\u00c3O LU\u00cdS SHOPPING (QUIOSQUE)\n                <\/div>\n                <div class=\"store-address\">\n                    <span class=\"icon\">\ud83c\udfe2<\/span>\n                    <span>Av. Professor Carlos Cunha, 1000<br>Quiosque 303 - Jaracaty<br>S\u00e3o Lu\u00eds<br>CEP: 65076-820<\/span>\n                <\/div>\n                <div class=\"store-hours\">\n                    <span class=\"icon\">\ud83d\udd52<\/span>\n                    <span>Seg a S\u00e1b 10h \u00e0s 22h<br>Dom 13h \u00e0s 21h<\/span>\n                <\/div>\n            <\/div>\n            \n            <div class=\"store-card\" data-name=\"shopping da ilha\" data-location=\"shopping ilha cohama daniel touche\">\n                <div class=\"store-name\">\n                    \ud83d\udccd SHOPPING DA ILHA\n                <\/div>\n                <div class=\"store-address\">\n                    <span class=\"icon\">\ud83c\udfe2<\/span>\n                    <span>Av Daniel de La Touche, 987<br>Quiosque 311 Piso L3<br>Shopping da Ilha - Cohama<br>S\u00e3o Lu\u00eds<br>CEP: 65074-115<\/span>\n                <\/div>\n                <div class=\"store-hours\">\n                    <span class=\"icon\">\ud83d\udd52<\/span>\n                    <span>Seg a S\u00e1b 10h \u00e0s 22h<br>Dom 13h \u00e0s 21h<\/span>\n                <\/div>\n            <\/div>\n            \n            <div class=\"store-card\" data-name=\"patio norte\" data-location=\"patio norte ribamar saramanta\">\n                <div class=\"store-name\">\n                    \ud83d\udccd PATIO NORTE\n                <\/div>\n                <div class=\"store-address\">\n                    <span class=\"icon\">\ud83c\udfe2<\/span>\n                    <span>Rua Estrada de Ribamar, 1000<br>Quiosque 04 - Saramanta<br>S.J. de Ribamar<br>CEP: 65.110-000<\/span>\n                <\/div>\n                <div class=\"store-hours\">\n                    <span class=\"icon\">\ud83d\udd52<\/span>\n                    <span>Seg a S\u00e1b 10h \u00e0s 22h<br>Dom 13h \u00e0s 21h<\/span>\n                <\/div>\n            <\/div>\n            \n            <div class=\"store-card\" data-name=\"lima verde\" data-location=\"lima verde ribamar vila kiola\">\n                <div class=\"store-name\">\n                    \ud83d\udccd LIMA VERDE\n                <\/div>\n                <div class=\"store-address\">\n                    <span class=\"icon\">\ud83c\udfe2<\/span>\n                    <span>Rua Estrada de Ribamar, 08<br>Container 01 - Vila Kiola<br>S.J. de Ribamar<br>CEP: 65.110-000<\/span>\n                <\/div>\n            <\/div>\n            \n            <div class=\"store-card\" data-name=\"anil\" data-location=\"anil aurora vila gastro ribamar\">\n                <div class=\"store-name\">\n                    \ud83d\udccd ANIL\n                <\/div>\n                <div class=\"store-address\">\n                    <span class=\"icon\">\ud83c\udfe2<\/span>\n                    <span>ROD MA - 201 \/ Estrada de Ribamar<br>Aurora, N469<br>(Localizada na Vila Gastro)<\/span>\n                <\/div>\n            <\/div>\n            \n            <div class=\"store-card\" data-name=\"s\u00e3o lu\u00eds shopping pra\u00e7a alimenta\u00e7\u00e3o\" data-location=\"sao luis shopping praca alimentacao jaracaty\">\n                <div class=\"store-name\">\n                    \ud83d\udccd S\u00c3O LU\u00cdS SHOPPING (PRA\u00c7A DE ALIMENTA\u00c7\u00c3O)\n                <\/div>\n                <div class=\"store-address\">\n                    <span class=\"icon\">\ud83c\udfe2<\/span>\n                    <span>Av. Professor Carlos Cunha, 1000<br>Quiosque 303 - Jaracaty<br>S\u00e3o Lu\u00eds<br>CEP: 65076-820<\/span>\n                <\/div>\n                <div class=\"store-hours\">\n                    <span class=\"icon\">\ud83d\udd52<\/span>\n                    <span>Todos os dias 10h \u00e0s 22h<\/span>\n                <\/div>\n            <\/div>\n            \n            <div class=\"store-card\" data-name=\"lagoa da jansen\" data-location=\"lagoa jansen gavioes sao marcos isaquinho\">\n                <div class=\"store-name\">\n                    \ud83d\udccd LAGOA DA JANSEN\n                <\/div>\n                <div class=\"store-address\">\n                    <span class=\"icon\">\ud83c\udfe2<\/span>\n                    <span>Rua dos Gavi\u00f5es, 12<br>S\u00e3o Marcos<br>CEP: 65077-170<br>Pr\u00f3x. ao Isaquinho Ferreiro<\/span>\n                <\/div>\n                <div class=\"store-hours\">\n                    <span class=\"icon\">\ud83d\udd52<\/span>\n                    <span>Dom a Qui 11h \u00e0s 22h<br>Sex e S\u00e1b 11h \u00e0s 23h<\/span>\n                <\/div>\n            <\/div>\n            \n            <div class=\"store-card\" data-name=\"rio poty teresina\" data-location=\"rio poty teresina angelica jockey\">\n                <div class=\"store-name\">\n                    \ud83d\udccd RIO POTY (TERESINA)\n                <\/div>\n                <div class=\"store-address\">\n                    <span class=\"icon\">\ud83c\udfe2<\/span>\n                    <span>Rua Angelica 567<br>Shopping Rio Poty Piso L3<br>Jockey, Teresina-PI<br>CEP: 64048-162<\/span>\n                <\/div>\n                <div class=\"store-hours\">\n                    <span class=\"icon\">\ud83d\udd52<\/span>\n                    <span>Seg a S\u00e1b 10h \u00e0s 22h<br>Dom 13h \u00e0s 21h<\/span>\n                <\/div>\n            <\/div>\n            \n            <div class=\"store-card\" data-name=\"cohama\" data-location=\"cohama jackson kleper iagoa ponta areia\">\n                <div class=\"store-name\">\n                    \ud83d\udccd COHAMA\n                <\/div>\n                <div class=\"store-address\">\n                    <span class=\"icon\">\ud83c\udfe2<\/span>\n                    <span>Avenida Dr Jackson Kleper Iagoa<br>T\u00e9rreo Quiosque 14, n\u00ba05<br>Ponta d'areia<br>CEP: 65077-353<\/span>\n                <\/div>\n                <div class=\"store-hours\">\n                    <span class=\"icon\">\ud83d\udd52<\/span>\n                    <span>Todos os dias 10h \u00e0s 22h<\/span>\n                <\/div>\n            <\/div>\n            \n            <div class=\"store-card\" data-name=\"pen\u00ednsula\" data-location=\"peninsula jackson kleper iagoa ponta areia\">\n                <div class=\"store-name\">\n                    \ud83d\udccd PEN\u00cdNSULA\n                <\/div>\n                <div class=\"store-address\">\n                    <span class=\"icon\">\ud83c\udfe2<\/span>\n                    <span>Avenida Dr Jackson Kleper Iagoa<br>T\u00e9rreo Quiosque 14, n\u00ba05<br>Ponta d'areia<br>CEP: 65077-353<\/span>\n                <\/div>\n                <div class=\"store-hours\">\n                    <span class=\"icon\">\ud83d\udd52<\/span>\n                    <span>Todos os dias 10h \u00e0s 22h<\/span>\n                <\/div>\n            <\/div>\n            \n            <div class=\"store-card\" data-name=\"rota 4\" data-location=\"rota 4 copacabana parque atlantico\">\n                <div class=\"store-name\">\n                    \ud83d\udccd ROTA 4\n                <\/div>\n                <div class=\"store-address\">\n                    <span class=\"icon\">\ud83c\udfe2<\/span>\n                    <span>Av. Copacabana, s\/n<br>Parque Atl\u00e2ntico<br>Ponto de refer\u00eancia: Rota4 Food&Lounge<br>S\u00e3o Lu\u00eds - MA, 65066-620<\/span>\n                <\/div>\n                <div class=\"store-hours\">\n                    <span class=\"icon\">\ud83d\udd52<\/span>\n                    <span>Dom, Seg, Qua, Qui 18h \u00e0s 23h<br>Sex e S\u00e1b 18h \u00e0s 00h<br>Ter fechado<\/span>\n                <\/div>\n            <\/div>\n            \n            <div class=\"store-card\" data-name=\"california\" data-location=\"california sambaquis calhau\">\n                <div class=\"store-name\">\n                    \ud83d\udccd CALIFORNIA\n                <\/div>\n                <div class=\"store-address\">\n                    <span class=\"icon\">\ud83c\udfe2<\/span>\n                    <span>Av A\/Sambaquis, Lote 08<br>Quadra 37 S\/N, Calhau<br>CEP: 65071-390<\/span>\n                <\/div>\n                <div class=\"store-hours\">\n                    <span class=\"icon\">\ud83d\udd52<\/span>\n                    <span>Seg a S\u00e1b 14h \u00e0s 23h<br>Dom fechado<\/span>\n                <\/div>\n            <\/div>\n            \n            <!-- Lojas Em Breve -->\n            <div class=\"store-card coming-soon\" data-name=\"parque atenas em breve\" data-location=\"parque atenas\">\n                <div class=\"store-name\">\n                    \ud83c\udfd7\ufe0f PARQUE ATENAS\n                    <span class=\"coming-soon-badge\">Em Breve<\/span>\n                <\/div>\n                <div class=\"store-address\">\n                    <span class=\"icon\">\ud83d\udccd<\/span>\n                    <span>Informa\u00e7\u00f5es em breve...<\/span>\n                <\/div>\n            <\/div>\n            \n            <div class=\"store-card coming-soon\" data-name=\"shopping rio anil em breve\" data-location=\"shopping rio anil quiosque\">\n                <div class=\"store-name\">\n                    \ud83c\udfd7\ufe0f SHOPPING RIO ANIL (QUIOSQUE)\n                    <span class=\"coming-soon-badge\">Em Breve<\/span>\n                <\/div>\n                <div class=\"store-address\">\n                    <span class=\"icon\">\ud83d\udccd<\/span>\n                    <span>Informa\u00e7\u00f5es em breve...<\/span>\n                <\/div>\n            <\/div>\n            \n            <div class=\"store-card coming-soon\" data-name=\"turu em breve\" data-location=\"turu\">\n                <div class=\"store-name\">\n                    \ud83c\udfd7\ufe0f TURU\n                    <span class=\"coming-soon-badge\">Em Breve<\/span>\n                <\/div>\n                <div class=\"store-address\">\n                    <span class=\"icon\">\ud83d\udccd<\/span>\n                    <span>Informa\u00e7\u00f5es em breve...<\/span>\n                <\/div>\n            <\/div>\n        <\/div>\n        \n        <div class=\"no-results\" id=\"noResults\">\n            <h3>\ud83d\udd0d Nenhuma loja encontrada<\/h3>\n            <p>Tente pesquisar por outro termo ou verifique a ortografia.<\/p>\n        <\/div>\n    <\/div>\n    \n    <script>\n        document.addEventListener('DOMContentLoaded', function() {\n            const searchInput = document.getElementById('storeSearch');\n            const storesGrid = document.getElementById('storesGrid');\n            const noResults = document.getElementById('noResults');\n            const storeCards = document.querySelectorAll('.store-card');\n            \n            function performSearch() {\n                const searchTerm = searchInput.value.toLowerCase().trim();\n                let visibleCards = 0;\n                \n                storeCards.forEach(card => {\n                    const name = card.getAttribute('data-name').toLowerCase();\n                    const location = card.getAttribute('data-location').toLowerCase();\n                    \n                    \/\/ Se n\u00e3o h\u00e1 termo de busca, mostra todas\n                    if (searchTerm === '') {\n                        card.classList.remove('hidden');\n                        visibleCards++;\n                        return;\n                    }\n                    \n                    \/\/ Divide o termo de busca em palavras\n                    const searchWords = searchTerm.split(' ').filter(word => word.length > 0);\n                    \n                    \/\/ Verifica se todas as palavras da busca est\u00e3o no nome ou localiza\u00e7\u00e3o\n                    const matchesSearch = searchWords.every(word => \n                        name.includes(word) || location.includes(word)\n                    );\n                    \n                    if (matchesSearch) {\n                        card.classList.remove('hidden');\n                        visibleCards++;\n                    } else {\n                        card.classList.add('hidden');\n                    }\n                });\n                \n                if (visibleCards === 0) {\n                    noResults.classList.add('show');\n                } else {\n                    noResults.classList.remove('show');\n                }\n            }\n            \n            \/\/ Busca em tempo real enquanto digita\n            searchInput.addEventListener('input', performSearch);\n            \n            \/\/ Busca quando pressiona Enter\n            searchInput.addEventListener('keypress', function(e) {\n                if (e.key === 'Enter') {\n                    e.preventDefault();\n                    performSearch();\n                }\n            });\n        });\n    <\/script>\n    <?php\n    return ob_get_clean();\n}\n\n\/\/ Registrar o shortcode\nadd_shortcode('store_locator', 'store_locator_shortcode');\n?><\/div>\n\t\t\t\t\t\t<\/div>\n\t\t\t\t<\/div>\n\t\t\t\t<\/div>\n\t\t","protected":false},"excerpt":{"rendered":"<p>Onde Tem A\u00e7a\u00ed Sunset? Explore nosso card\u00e1pio e escolha sua pr\u00f3xima combina\u00e7\u00e3o! \ud83d\udccd COHAJAP \ud83c\udfe2 Av. Daniel de La Touche, 45 &#8211; Loja BCohajap &#8211; S\u00e3o Lu\u00edsCEP: 65.074-115 \ud83d\udd52 Dom a Qui 11h \u00e0s 22hSex e S\u00e1b 11h \u00e0s 23h \ud83d\udccd COHATRAC \ud83c\udfe2 Rua N\u00b0. 57 B &#8211; CohatracS\u00e3o Lu\u00edsCEP: 65.052-865 \ud83d\udd52 Todos os dias [&hellip;]<\/p>\n","protected":false},"author":1,"featured_media":0,"parent":0,"menu_order":0,"comment_status":"closed","ping_status":"closed","template":"elementor_header_footer","meta":{"footnotes":""},"class_list":["post-116","page","type-page","status-publish","hentry"],"_links":{"self":[{"href":"https:\/\/acaisunsetfranquia.com.br\/landingpage\/wp-json\/wp\/v2\/pages\/116","targetHints":{"allow":["GET"]}}],"collection":[{"href":"https:\/\/acaisunsetfranquia.com.br\/landingpage\/wp-json\/wp\/v2\/pages"}],"about":[{"href":"https:\/\/acaisunsetfranquia.com.br\/landingpage\/wp-json\/wp\/v2\/types\/page"}],"author":[{"embeddable":true,"href":"https:\/\/acaisunsetfranquia.com.br\/landingpage\/wp-json\/wp\/v2\/users\/1"}],"replies":[{"embeddable":true,"href":"https:\/\/acaisunsetfranquia.com.br\/landingpage\/wp-json\/wp\/v2\/comments?post=116"}],"version-history":[{"count":10,"href":"https:\/\/acaisunsetfranquia.com.br\/landingpage\/wp-json\/wp\/v2\/pages\/116\/revisions"}],"predecessor-version":[{"id":228,"href":"https:\/\/acaisunsetfranquia.com.br\/landingpage\/wp-json\/wp\/v2\/pages\/116\/revisions\/228"}],"wp:attachment":[{"href":"https:\/\/acaisunsetfranquia.com.br\/landingpage\/wp-json\/wp\/v2\/media?parent=116"}],"curies":[{"name":"wp","href":"https:\/\/api.w.org\/{rel}","templated":true}]}}