{"id":229,"date":"2026-03-30T19:36:05","date_gmt":"2026-03-30T19:36:05","guid":{"rendered":"https:\/\/acaisunsetfranquia.com.br\/landingpage\/?page_id=229"},"modified":"2026-03-30T19:43:54","modified_gmt":"2026-03-30T19:43:54","slug":"sobre-nos","status":"publish","type":"page","link":"https:\/\/acaisunsetfranquia.com.br\/landingpage\/sobre-nos\/","title":{"rendered":"Sobre n\u00f3s"},"content":{"rendered":"\t\t<div data-elementor-type=\"wp-page\" data-elementor-id=\"229\" class=\"elementor elementor-229\" data-elementor-post-type=\"page\">\n\t\t\t\t<div class=\"elementor-element elementor-element-cab6ba4 e-con-full e-flex e-con e-parent\" data-id=\"cab6ba4\" data-element_type=\"container\" data-e-type=\"container\">\n\t\t\t\t<div class=\"elementor-element elementor-element-435b017 elementor--h-position-center elementor--v-position-middle elementor-arrows-position-inside elementor-pagination-position-inside elementor-widget elementor-widget-slides\" data-id=\"435b017\" data-element_type=\"widget\" data-e-type=\"widget\" data-settings=\"{&quot;navigation&quot;:&quot;both&quot;,&quot;autoplay&quot;:&quot;yes&quot;,&quot;pause_on_hover&quot;:&quot;yes&quot;,&quot;pause_on_interaction&quot;:&quot;yes&quot;,&quot;autoplay_speed&quot;:5000,&quot;infinite&quot;:&quot;yes&quot;,&quot;transition&quot;:&quot;slide&quot;,&quot;transition_speed&quot;:500}\" data-widget_type=\"slides.default\">\n\t\t\t\t\t\t\t\t\t\t<div class=\"elementor-slides-wrapper elementor-main-swiper swiper\" role=\"region\" aria-roledescription=\"carousel\" aria-label=\"Slides\" dir=\"ltr\" data-animation=\"fadeInUp\">\n\t\t\t\t<div class=\"swiper-wrapper elementor-slides\">\n\t\t\t\t\t\t\t\t\t\t<div class=\"elementor-repeater-item-16f7094 swiper-slide\" role=\"group\" aria-roledescription=\"slide\"><div class=\"swiper-slide-bg\" role=\"img\" aria-label=\"imagem_2025-05-03_104129189-scaled-1.png\"><\/div><div class=\"swiper-slide-inner\" ><div class=\"swiper-slide-contents\"><\/div><\/div><\/div>\t\t\t\t<\/div>\n\t\t\t\t\t\t\t<\/div>\n\t\t\t\t\t\t\t\t<\/div>\n\t\t\t\t<\/div>\n\t\t<div class=\"elementor-element elementor-element-87550f2 e-flex e-con-boxed e-con e-parent\" data-id=\"87550f2\" data-element_type=\"container\" data-e-type=\"container\" data-settings=\"{&quot;background_background&quot;:&quot;classic&quot;}\">\n\t\t\t\t\t<div class=\"e-con-inner\">\n\t\t\t\t<div class=\"elementor-element elementor-element-9722de8 elementor-widget elementor-widget-heading\" data-id=\"9722de8\" data-element_type=\"widget\" data-e-type=\"widget\" data-widget_type=\"heading.default\">\n\t\t\t\t\t<h2 class=\"elementor-heading-title elementor-size-default\">Uma Hist\u00f3ria Feita de Sabor e Conex\u00e3o<\/h2>\t\t\t\t<\/div>\n\t\t\t\t<div class=\"elementor-element elementor-element-70b852a elementor-widget elementor-widget-heading\" data-id=\"70b852a\" data-element_type=\"widget\" data-e-type=\"widget\" data-widget_type=\"heading.default\">\n\t\t\t\t\t<p class=\"elementor-heading-title elementor-size-default\">Do sonho de um a\u00e7a\u00ed perfeito \u00e0 expans\u00e3o pelo Brasil.<\/p>\t\t\t\t<\/div>\n\t\t\t\t\t<\/div>\n\t\t\t\t<\/div>\n\t\t<div class=\"elementor-element elementor-element-da756ca e-flex e-con-boxed e-con e-parent\" data-id=\"da756ca\" data-element_type=\"container\" data-e-type=\"container\">\n\t\t\t\t\t<div class=\"e-con-inner\">\n\t\t<div class=\"elementor-element elementor-element-e033ab4 e-con-full e-flex e-con e-child\" data-id=\"e033ab4\" data-element_type=\"container\" data-e-type=\"container\">\n\t\t\t\t<div class=\"elementor-element elementor-element-8de406f elementor-widget elementor-widget-text-editor\" data-id=\"8de406f\" data-element_type=\"widget\" data-e-type=\"widget\" data-widget_type=\"text-editor.default\">\n\t\t\t\t\t\t\t\t\t<div><b>Nossa Jornada<\/b><\/div><div>O A\u00e7a\u00ed Sunset \u00e9 a realiza\u00e7\u00e3o de um sonho constru\u00eddo com prop\u00f3sito, paix\u00e3o e compromisso com a excel\u00eancia. Em 2013, inauguramos nossa primeira loja de a\u00e7a\u00ed em S\u00e3o Lu\u00eds\/MA, ainda em um mercado pouco explorado. Foi ali que come\u00e7amos a plantar a semente de algo muito maior.<\/div><div>Em 2017, nasceu a marca\u00a0<b>A\u00e7a\u00ed Sunset<\/b>, com um conceito claro: ser muito mais que uma sorveteria, ser uma verdadeira\u00a0<b>A\u00e7a\u00edteria<\/b>\u00a0\u2014 um espa\u00e7o onde cada detalhe \u00e9 pensado para entregar\u00a0<b>Sa\u00fade e Felicidade dentro e fora do copo<\/b>.<\/div><div>Nosso prop\u00f3sito \u00e9 transformar o consumo do a\u00e7a\u00ed em uma experi\u00eancia inigual\u00e1vel. Valorizamos a qualidade em cada etapa: nosso\u00a0<b>sorbet de a\u00e7a\u00ed<\/b>\u00a0\u00e9 \u00fanico, sem xarope de guaran\u00e1, sem saborizantes, preservando a pureza do sabor e os benef\u00edcios naturais do fruto. Isso \u00e9 respeito ao que o cliente consome, ao que ele sente, e ao que ele leva na mem\u00f3ria.<\/div><div>Guiados pelos nossos valores SUNSET \u2014\u00a0<b>Somos \u00e9ticos, Unidos Empreendemos, N\u00f3s somos criativos, Sabemos encantar, Entregamos amor e Todos por um mundo melhor<\/b>\u00a0\u2014 formatamos o nosso modelo de franquias em 2021, oferecendo oportunidade de expans\u00e3o para quem acredita na mesma paix\u00e3o que nos move.<\/div><div>Em 2022, comemoramos a abertura da primeira unidade franqueada e nossa filia\u00e7\u00e3o \u00e0 ABF (Associa\u00e7\u00e3o Brasileira de Franchising), consolidando nossa presen\u00e7a no mercado. Em 2023, levamos o A\u00e7a\u00ed Sunset para al\u00e9m das fronteiras do Maranh\u00e3o, chegando a Teresina\/PI, e em 2024 celebramos a inaugura\u00e7\u00e3o da nossa ind\u00fastria pr\u00f3pria, garantindo ainda mais qualidade, controle e autenticidade ao que servimos.<\/div><div>O A\u00e7a\u00ed Sunset \u00e9 feito para quem acredita que a vida \u00e9 melhor quando \u00e9 saud\u00e1vel, saborosa e cheia de momentos felizes. E cada cliente que chega at\u00e9 n\u00f3s, cada sorriso, \u00e9 a confirma\u00e7\u00e3o de que estamos no caminho certo.<\/div><div><b>A\u00e7a\u00ed Sunset: Sa\u00fade e Felicidade dentro e fora do copo. Sempre.<\/b><\/div>\t\t\t\t\t\t\t\t<\/div>\n\t\t\t\t<\/div>\n\t\t<div class=\"elementor-element elementor-element-e5f1c59 e-con-full e-flex e-con e-child\" data-id=\"e5f1c59\" data-element_type=\"container\" data-e-type=\"container\">\n\t\t\t\t<div class=\"elementor-element elementor-element-7c65a24 elementor-widget elementor-widget-image\" data-id=\"7c65a24\" data-element_type=\"widget\" data-e-type=\"widget\" data-widget_type=\"image.default\">\n\t\t\t\t\t\t\t\t\t\t\t\t\t\t\t<img fetchpriority=\"high\" decoding=\"async\" width=\"778\" height=\"1024\" src=\"https:\/\/acaisunsetfranquia.com.br\/landingpage\/wp-content\/uploads\/2026\/03\/sonreacai-778x1024.webp\" class=\"attachment-large size-large wp-image-238\" alt=\"\" srcset=\"https:\/\/acaisunsetfranquia.com.br\/landingpage\/wp-content\/uploads\/2026\/03\/sonreacai-778x1024.webp 778w, https:\/\/acaisunsetfranquia.com.br\/landingpage\/wp-content\/uploads\/2026\/03\/sonreacai-228x300.webp 228w, https:\/\/acaisunsetfranquia.com.br\/landingpage\/wp-content\/uploads\/2026\/03\/sonreacai-768x1011.webp 768w, https:\/\/acaisunsetfranquia.com.br\/landingpage\/wp-content\/uploads\/2026\/03\/sonreacai.webp 1076w\" sizes=\"(max-width: 778px) 100vw, 778px\" \/>\t\t\t\t\t\t\t\t\t\t\t\t\t\t\t<\/div>\n\t\t\t\t<\/div>\n\t\t\t\t\t<\/div>\n\t\t\t\t<\/div>\n\t\t<div class=\"elementor-element elementor-element-a7bcc30 e-flex e-con-boxed e-con e-parent\" data-id=\"a7bcc30\" data-element_type=\"container\" data-e-type=\"container\" data-settings=\"{&quot;background_background&quot;:&quot;classic&quot;}\">\n\t\t\t\t\t<div class=\"e-con-inner\">\n\t\t\t\t<div class=\"elementor-element elementor-element-bebe5b1 elementor-widget elementor-widget-html\" data-id=\"bebe5b1\" data-element_type=\"widget\" data-e-type=\"widget\" data-widget_type=\"html.default\">\n\t\t\t\t\t<div class=\"timeline-container\">\r\n  <h2 class=\"timeline-title\">Nossa jornada<\/h2>\r\n  <ul class=\"timeline\">\r\n    <li>\r\n      <div class=\"timeline-badge\">2013<\/div>\r\n      <div class=\"timeline-content\">\r\n        <h3>Primeiro Passo<\/h3>\r\n        <p>Inauguramos nossa primeira loja de a\u00e7a\u00ed em S\u00e3o Lu\u00eds\/MA.<\/p>\r\n        <span>\"Plantamos o sonho, colhemos prop\u00f3sito.\"<\/span>\r\n      <\/div>\r\n    <\/li>\r\n    <li>\r\n      <div class=\"timeline-badge\">2017<\/div>\r\n      <div class=\"timeline-content\">\r\n        <h3>Nasce o A\u00e7a\u00ed Sunset<\/h3>\r\n        <p>Fundamos a marca A\u00e7a\u00ed Sunset e o conceito de A\u00e7a\u00edteria.<\/p>\r\n        <span>\"Mais do que servir a\u00e7a\u00ed, criamos momentos inesquec\u00edveis.\"<\/span>\r\n      <\/div>\r\n    <\/li>\r\n    <li>\r\n      <div class=\"timeline-badge\">2021<\/div>\r\n      <div class=\"timeline-content\">\r\n        <h3>Expans\u00e3o Planejada<\/h3>\r\n        <p>Formatamos o modelo de franquias.<\/p>\r\n        <span>\"Transformando paix\u00e3o em oportunidade de crescimento.\"<\/span>\r\n      <\/div>\r\n    <\/li>\r\n    <li>\r\n      <div class=\"timeline-badge\">2022<\/div>\r\n      <div class=\"timeline-content\">\r\n        <h3>Conquista Nacional<\/h3>\r\n        <p>Inaugura\u00e7\u00e3o da primeira franquia e filia\u00e7\u00e3o \u00e0 ABF.<\/p>\r\n        <span>\"Reconhecimento que valida a nossa ess\u00eancia.\"<\/span>\r\n      <\/div>\r\n    <\/li>\r\n    <li>\r\n      <div class=\"timeline-badge\">2023<\/div>\r\n      <div class=\"timeline-content\">\r\n        <h3>Primeira Unidade Fora do Maranh\u00e3o<\/h3>\r\n        <p>Chegamos a Teresina\/PI.<\/p>\r\n        <span>\"Levando o sabor do Maranh\u00e3o para o Nordeste.\"<\/span>\r\n      <\/div>\r\n    <\/li>\r\n    <li>\r\n      <div class=\"timeline-badge\">2024<\/div>\r\n      <div class=\"timeline-content\">\r\n        <h3>Ind\u00fastria Pr\u00f3pria<\/h3>\r\n        <p>Inauguramos nossa pr\u00f3pria ind\u00fastria.<\/p>\r\n        <span>\"Da raiz ao copo: qualidade que nasce aqui.\"<\/span>\r\n      <\/div>\r\n    <\/li>\r\n  <\/ul>\r\n<\/div>\r\n\r\n<style>\r\n.timeline-container {\r\n  max-width: 900px;\r\n  margin: auto;\r\n  padding: 30px 20px;\r\n  font-family: 'Segoe UI', sans-serif;\r\n  background-color: #F49D00;\r\n  color: #fff;\r\n}\r\n\r\n.timeline-title {\r\n  text-align: center;\r\n  font-size: 2.2em;\r\n  margin-bottom: 50px;\r\n  color: #fff;\r\n  font-weight: bold;\r\n  position: relative;\r\n}\r\n\r\n.timeline-title::after {\r\n  content: \"\";\r\n  display: block;\r\n  width: 60px;\r\n  height: 4px;\r\n  margin: 10px auto 0;\r\n  background: #fff;\r\n  border-radius: 2px;\r\n}\r\n\r\n.timeline {\r\n  list-style: none;\r\n  padding: 0;\r\n  position: relative;\r\n}\r\n\r\n.timeline::before {\r\n  content: '';\r\n  position: absolute;\r\n  left: 30px;\r\n  width: 4px;\r\n  height: 100%;\r\n  background: #fff; \/* Linha branca *\/\r\n}\r\n\r\n.timeline li {\r\n  position: relative;\r\n  margin-bottom: 60px;\r\n  padding-left: 70px;\r\n}\r\n\r\n.timeline-badge {\r\n  background: #6B1E75;\r\n  color: white;\r\n  font-weight: bold;\r\n  padding: 10px 15px;\r\n  border-radius: 30px;\r\n  position: absolute;\r\n  left: 0;\r\n  top: 0;\r\n  font-size: 0.9em;\r\n  box-shadow: 0 2px 8px rgba(0,0,0,0.1);\r\n}\r\n\r\n.timeline-content {\r\n  background: rgba(255, 255, 255, 0.1);\r\n  border-left: 6px solid #6B1E75;\r\n  padding: 20px 25px;\r\n  border-radius: 12px;\r\n  transition: transform 0.3s ease, box-shadow 0.3s ease;\r\n  box-shadow: 0 4px 12px rgba(0,0,0,0.1);\r\n  color: #fff;\r\n}\r\n\r\n.timeline-content:hover {\r\n  transform: translateY(-5px);\r\n  box-shadow: 0 8px 20px rgba(0,0,0,0.15);\r\n}\r\n\r\n.timeline-content h3 {\r\n  margin-top: 0;\r\n  margin-bottom: 10px;\r\n  font-size: 1.3em;\r\n  color: #ffffff;\r\n}\r\n\r\n.timeline-content p {\r\n  margin: 0;\r\n}\r\n\r\n.timeline-content span {\r\n  display: block;\r\n  margin-top: 8px;\r\n  font-style: italic;\r\n  color: #f0f0f0;\r\n}\r\n<\/style>\r\n\t\t\t\t<\/div>\n\t\t\t\t\t<\/div>\n\t\t\t\t<\/div>\n\t\t\t\t<\/div>\n\t\t","protected":false},"excerpt":{"rendered":"<p>Uma Hist\u00f3ria Feita de Sabor e Conex\u00e3o Do sonho de um a\u00e7a\u00ed perfeito \u00e0 expans\u00e3o pelo Brasil. Nossa JornadaO A\u00e7a\u00ed Sunset \u00e9 a realiza\u00e7\u00e3o de um sonho constru\u00eddo com prop\u00f3sito, paix\u00e3o e compromisso com a excel\u00eancia. Em 2013, inauguramos nossa primeira loja de a\u00e7a\u00ed em S\u00e3o Lu\u00eds\/MA, ainda em um mercado pouco explorado. Foi ali [&hellip;]<\/p>\n","protected":false},"author":1,"featured_media":0,"parent":0,"menu_order":0,"comment_status":"closed","ping_status":"closed","template":"elementor_header_footer","meta":{"footnotes":""},"class_list":["post-229","page","type-page","status-publish","hentry"],"_links":{"self":[{"href":"https:\/\/acaisunsetfranquia.com.br\/landingpage\/wp-json\/wp\/v2\/pages\/229","targetHints":{"allow":["GET"]}}],"collection":[{"href":"https:\/\/acaisunsetfranquia.com.br\/landingpage\/wp-json\/wp\/v2\/pages"}],"about":[{"href":"https:\/\/acaisunsetfranquia.com.br\/landingpage\/wp-json\/wp\/v2\/types\/page"}],"author":[{"embeddable":true,"href":"https:\/\/acaisunsetfranquia.com.br\/landingpage\/wp-json\/wp\/v2\/users\/1"}],"replies":[{"embeddable":true,"href":"https:\/\/acaisunsetfranquia.com.br\/landingpage\/wp-json\/wp\/v2\/comments?post=229"}],"version-history":[{"count":25,"href":"https:\/\/acaisunsetfranquia.com.br\/landingpage\/wp-json\/wp\/v2\/pages\/229\/revisions"}],"predecessor-version":[{"id":260,"href":"https:\/\/acaisunsetfranquia.com.br\/landingpage\/wp-json\/wp\/v2\/pages\/229\/revisions\/260"}],"wp:attachment":[{"href":"https:\/\/acaisunsetfranquia.com.br\/landingpage\/wp-json\/wp\/v2\/media?parent=229"}],"curies":[{"name":"wp","href":"https:\/\/api.w.org\/{rel}","templated":true}]}}